{"id":897,"date":"2014-10-11T10:17:28","date_gmt":"2014-10-11T10:17:28","guid":{"rendered":"http:\/\/kunstraum-bremen.de\/?page_id=897"},"modified":"2021-09-08T18:51:48","modified_gmt":"2021-09-08T18:51:48","slug":"startseite","status":"publish","type":"page","link":"https:\/\/kunstraum-bremen.de\/","title":{"rendered":"Herzlich Willkommen im Kunst[ ]Raum Bremen"},"content":{"rendered":"<p><a href=\"http:\/\/kunstraum-bremen.de\/wp-content\/uploads\/2014\/10\/KUNSTRAUM.jpg\"><img fetchpriority=\"high\" decoding=\"async\" class=\"aligncenter wp-image-1395 \" src=\"http:\/\/kunstraum-bremen.de\/wp-content\/uploads\/2014\/10\/KUNSTRAUM-724x1024.jpg\" alt=\"\" width=\"579\" height=\"819\" srcset=\"https:\/\/kunstraum-bremen.de\/wp-content\/uploads\/2014\/10\/KUNSTRAUM-724x1024.jpg 724w, https:\/\/kunstraum-bremen.de\/wp-content\/uploads\/2014\/10\/KUNSTRAUM-212x300.jpg 212w, https:\/\/kunstraum-bremen.de\/wp-content\/uploads\/2014\/10\/KUNSTRAUM-768x1086.jpg 768w, https:\/\/kunstraum-bremen.de\/wp-content\/uploads\/2014\/10\/KUNSTRAUM-600x848.jpg 600w\" sizes=\"(max-width: 579px) 100vw, 579px\" \/><\/a><strong>Der Kunst[]Raum ist ein Ort f\u00fcr die Kunst.<\/strong><\/p>\n<p style=\"text-align: justify;\">Er wurde 1987 von einer Gruppe aus K\u00fcnstlern, Kunsttherapeuten\/-p\u00e4dagogen und \u00c4rzten gegr\u00fcndet.<br \/>\nSeit 2003 leite ich den KunstRaum (k\u00fcnstlerisch, konzeptionell, wirtschaftlich, organisatorisch).<\/p>\n<p style=\"text-align: justify;\">Das zentrale Anliegen ist es, Kunst und Leben zu verbinden, f\u00fcreinander wirksam zu machen.<\/p>\n<p style=\"text-align: justify;\">Wesentlich hierbei ist die praktisch \u2013 k\u00fcnstlerische Arbeit in kleinen Gruppen, wobei nicht kursorisch gearbeitet wird, sondern fortlaufend, was innerhalb der Gruppen einen individuellen Ansatz in der Begleitung und Entwicklung der k\u00fcnstlerischen \u201eWege\u201c erm\u00f6glicht.<br \/>\nEs steht im Mittelpunkt, eine k\u00fcnstlerische Grundhaltung zu entwickeln, welche als Schl\u00fcsselkompetenz auf andere Lebensgebiete wirkt. Dies kann privater Natur sein, aber ebenso teambezogen oder auf das berufliche Leben Auswirkungen haben. Die Menschen, die dieses Angebot f\u00fcr sich wahrnehmen, arbeiten in der Regel \u00fcber viele Jahre kontinuierlich, regelm\u00e4\u00dfig w\u00f6chentlich an ihrem k\u00fcnstlerischen Anliegen. Es wird in allen bildnerischen (klassisch + experimentell) gearbeitet. Ausstellungen runden die Arbeit ab, indem man sich der \u201e\u00d6ffentlichkeit\u201c stellt, wobei das Ziel nicht in erster Linie die Vermarktung auf dem Kunstmarkt ist. Das Angebot richtet sich an Erwachsene aus allen beruflichen und pers\u00f6nlichen Zusammenh\u00e4ngen, an Jugendliche und Kinder (in Einzelarbeit).<\/p>\n<p style=\"text-align: justify;\">Neben dem Angebot, in Kleingruppen zu arbeiten, gibt es die M\u00f6glichkeit in Einzelstunden besondere F\u00f6rderung f\u00fcr Begabungen zu erfahren, oder auch kunsttherapeutische Begleitung zu erhalten.<\/p>\n<p style=\"text-align: justify;\">Das praktisch\u2013k\u00fcnstlerische Arbeiten erf\u00e4hrt eine&nbsp; wesentliche Erweiterung und gleichzeitig Vertiefung durch:<\/p>\n<ul>\n<li>Ausstellungen von K\u00fcnstlerInnen (regional, national und&nbsp; international)<\/li>\n<li>Seminare zu Kunstgeschichte, -theorie, Philosophie und angrenzenden Lebens- und Fachgebieten aber auch Kunstpraxis (Video, &#8230;)<\/li>\n<li>Vortr\u00e4ge und Themenabende mit Bez\u00fcgen zu Alltag, Kunst, Film, Poesie<\/li>\n<li>Exkursionen und Gruppenreisen (Italien) mit k\u00fcnstlerisch ausgerichteter Fragestellung<\/li>\n<li>Kooperationen mit \u00e4hnlichen Kunst-\/Kultureirichtungen<\/li>\n<\/ul>\n<p style=\"text-align: justify;\">Im KunstRaum werden regelm\u00e4\u00dfig Praktikanten ausgebildet aus den Fachbereichen Kunst, Kunsttherapie, Kunstp\u00e4dagogik, Kunstwissenschaften, Gesundheitswissenschaften, materielle Kultur + Medien.<\/p>\n<p style=\"text-align: justify;\">Der Kunst [ ] Raum hat in Bremen und der Bremer Neustadt, in der unmittelbaren nachbarschaftlichen Umgebung , aber auch \u00fcberregional einen Platz, der das kulturelle und soziale Umfeld entscheidend mit gestaltet.<\/p>\n<p>Ute Seifert<\/p>\n<p><em>zur Person Ute Seifert:&nbsp;&nbsp; <a href=\"https:\/\/www.ute-seifert-kunstraum.de\/index.php\/biografie\">https:\/\/www.ute-seifert-kunstraum.de\/index.php\/biografie<\/a><\/em><\/p>\n","protected":false},"excerpt":{"rendered":"<p>Der Kunst[]Raum ist ein Ort f\u00fcr die Kunst. Er wurde 1987 von einer Gruppe aus K\u00fcnstlern, Kunsttherapeuten\/-p\u00e4dagogen und \u00c4rzten gegr\u00fcndet. Seit 2003 leite ich den KunstRaum (k\u00fcnstlerisch, konzeptionell, wirtschaftlich, organisatorisch). Das zentrale Anliegen ist es, Kunst und Leben zu verbinden, &hellip; <a href=\"https:\/\/kunstraum-bremen.de\/\">Weiterlesen <span class=\"meta-nav\">&rarr;<\/span><\/a><\/p>\n","protected":false},"author":1,"featured_media":0,"parent":0,"menu_order":0,"comment_status":"closed","ping_status":"open","template":"","meta":{"footnotes":""},"class_list":["post-897","page","type-page","status-publish","hentry"],"_links":{"self":[{"href":"https:\/\/kunstraum-bremen.de\/index.php?rest_route=\/wp\/v2\/pages\/897","targetHints":{"allow":["GET"]}}],"collection":[{"href":"https:\/\/kunstraum-bremen.de\/index.php?rest_route=\/wp\/v2\/pages"}],"about":[{"href":"https:\/\/kunstraum-bremen.de\/index.php?rest_route=\/wp\/v2\/types\/page"}],"author":[{"embeddable":true,"href":"https:\/\/kunstraum-bremen.de\/index.php?rest_route=\/wp\/v2\/users\/1"}],"replies":[{"embeddable":true,"href":"https:\/\/kunstraum-bremen.de\/index.php?rest_route=%2Fwp%2Fv2%2Fcomments&post=897"}],"version-history":[{"count":43,"href":"https:\/\/kunstraum-bremen.de\/index.php?rest_route=\/wp\/v2\/pages\/897\/revisions"}],"predecessor-version":[{"id":1815,"href":"https:\/\/kunstraum-bremen.de\/index.php?rest_route=\/wp\/v2\/pages\/897\/revisions\/1815"}],"wp:attachment":[{"href":"https:\/\/kunstraum-bremen.de\/index.php?rest_route=%2Fwp%2Fv2%2Fmedia&parent=897"}],"curies":[{"name":"wp","href":"https:\/\/api.w.org\/{rel}","templated":true}]}}