{"id":782,"date":"2014-07-01T07:47:03","date_gmt":"2014-07-01T07:47:03","guid":{"rendered":"http:\/\/kunstraum-bremen.de\/?page_id=782"},"modified":"2018-10-09T13:30:45","modified_gmt":"2018-10-09T13:30:45","slug":"kunsttherapie","status":"publish","type":"page","link":"https:\/\/kunstraum-bremen.de\/?page_id=782","title":{"rendered":"Kunsttherapie"},"content":{"rendered":"<p style=\"text-align: justify;\"><strong>Kunsttherapie und Einzelstunden f\u00fcr Erwachsene, Jugendliche und Kinder<\/strong><\/p>\n<p style=\"text-align: justify;\">Die Kunst bietet M\u00f6glichkeiten, mit unserer Innenwelt und mit der Au\u00dfenwelt umzugehen, es k\u00f6nnen L\u00f6sungen entdeckt und entwickelt werden, Fragen entstehen, Antworten werden gefunden, welche sich h\u00e4ufig dem direkten intellektuellen Zugriff verwehren. Die Kunst ist Lehrmeisterin der menschlichen Selbstbestimmung. In der Kunst spiegeln sich Klarheit und Unklarheit, Gewolltes und Ungewolltes, Bewusstes und Unbewusstes. In der sinnlichen Betrachtung findet sich der direkte Ausgangspunkt der gemeinschaftlichen Kommunikation &#8211; die Kunst \u00f6ffnet sich dem sozialen Wirken, Kunst und Leben werden eins.<\/p>\n<p><strong>Wann eine kunsttherapeutische Begleitung&nbsp;&nbsp;angezeigt ist:<\/strong>&nbsp; &nbsp; &nbsp; &nbsp; &nbsp; &nbsp; &nbsp;<\/p>\n<p style=\"text-align: justify;\">Rehabilitation und Pr\u00e4vention von akuten und chronischen, psychosomatischen und psychischen Erkrankungen und biografischen Krisen. Unterst\u00fctzung bei beruflichen oder pers\u00f6nlichen Konfliktsituationen,&nbsp; in Trennungssituationen.<\/p>\n<p style=\"text-align: justify;\">Entwicklungsst\u00f6rungen, Verhaltensauff\u00e4lligkeiten bei Schulschwierigkeiten, bei Aufmerksamkeitsst\u00f6rungen und anderen seelischen Problemen, die beispielsweise durch Hochbegabung verursacht sind.<br \/>\nSt\u00e4rkung der eigenen Ressourcen und Kompetenzen, sowie&nbsp; der Gestaltungskraft.<\/p>\n<p style=\"text-align: justify;\">Die kunsttherapeutische Arbeit findet je nach Wohnort in Bremen oder in Ottersberg-Otterstedt statt:<strong><br \/>\n<\/strong><\/p>\n<p style=\"text-align: justify;\">ATELIER BREMEN&nbsp; Bremen&nbsp; R\u00fcckertstrasse 21&nbsp;&nbsp;&nbsp;&nbsp;&nbsp;&nbsp;&nbsp;&nbsp;&nbsp;&nbsp;&nbsp;&nbsp;&nbsp;&nbsp;&nbsp;&nbsp;&nbsp;&nbsp;&nbsp;&nbsp;&nbsp;&nbsp;&nbsp;&nbsp;&nbsp;&nbsp;&nbsp;&nbsp;&nbsp;&nbsp;&nbsp;&nbsp;&nbsp;&nbsp;&nbsp;&nbsp;&nbsp; ATELIER&nbsp;OTTERSTEDT&nbsp; Ottersberg-Otterstedt&nbsp; Seekamp 42<\/p>\n","protected":false},"excerpt":{"rendered":"<p>Kunsttherapie und Einzelstunden f\u00fcr Erwachsene, Jugendliche und Kinder Die Kunst bietet M\u00f6glichkeiten, mit unserer Innenwelt und mit der Au\u00dfenwelt umzugehen, es k\u00f6nnen L\u00f6sungen entdeckt und entwickelt werden, Fragen entstehen, Antworten werden gefunden, welche sich h\u00e4ufig dem direkten intellektuellen Zugriff verwehren. &hellip; <a href=\"https:\/\/kunstraum-bremen.de\/?page_id=782\">Weiterlesen <span class=\"meta-nav\">&rarr;<\/span><\/a><\/p>\n","protected":false},"author":2,"featured_media":0,"parent":0,"menu_order":3,"comment_status":"closed","ping_status":"closed","template":"","meta":{"footnotes":""},"class_list":["post-782","page","type-page","status-publish","hentry"],"_links":{"self":[{"href":"https:\/\/kunstraum-bremen.de\/index.php?rest_route=\/wp\/v2\/pages\/782","targetHints":{"allow":["GET"]}}],"collection":[{"href":"https:\/\/kunstraum-bremen.de\/index.php?rest_route=\/wp\/v2\/pages"}],"about":[{"href":"https:\/\/kunstraum-bremen.de\/index.php?rest_route=\/wp\/v2\/types\/page"}],"author":[{"embeddable":true,"href":"https:\/\/kunstraum-bremen.de\/index.php?rest_route=\/wp\/v2\/users\/2"}],"replies":[{"embeddable":true,"href":"https:\/\/kunstraum-bremen.de\/index.php?rest_route=%2Fwp%2Fv2%2Fcomments&post=782"}],"version-history":[{"count":11,"href":"https:\/\/kunstraum-bremen.de\/index.php?rest_route=\/wp\/v2\/pages\/782\/revisions"}],"predecessor-version":[{"id":1430,"href":"https:\/\/kunstraum-bremen.de\/index.php?rest_route=\/wp\/v2\/pages\/782\/revisions\/1430"}],"wp:attachment":[{"href":"https:\/\/kunstraum-bremen.de\/index.php?rest_route=%2Fwp%2Fv2%2Fmedia&parent=782"}],"curies":[{"name":"wp","href":"https:\/\/api.w.org\/{rel}","templated":true}]}}