{"id":31,"date":"2008-09-08T21:09:21","date_gmt":"2008-09-08T19:09:21","guid":{"rendered":"http:\/\/www.kunstraum-bremen.de\/?page_id=31"},"modified":"2026-03-30T11:07:21","modified_gmt":"2026-03-30T11:07:21","slug":"kursangebote","status":"publish","type":"page","link":"https:\/\/kunstraum-bremen.de\/?page_id=31","title":{"rendered":"Kursangebote &#8211; Workshops &#8211; Kunsttherapie"},"content":{"rendered":"<p style=\"text-align: justify;\">Der <strong>KUNST RAUM R\u00fcckertstrasse<\/strong> ist f\u00fcr Erwachsene, Jugendliche und Kinder ein Ort der sch\u00f6pferisch-regenerativen Bet\u00e4tigung und der Kommunikation. Es treffen sich Menschen aus unterschiedlichsten Lebenszusammenh\u00e4ngen und Altersstufen, um k\u00fcnstlerisch oder kunsttherapeutisch zu arbeiten, sich mit bildnerisch-k\u00fcnstlerischen Themen auseinanderzusetzen und um k\u00fcnstlerische Techniken zu erlernen. Individuelle Bed\u00fcrfnisse stehen im Vordergrund und lassen sich durch ein breites Angebot an Arbeitsformen unterst\u00fctzen und begleiten:<\/p>\n<ul>\n<li style=\"text-align: justify;\">fortlaufende, freie k\u00fcnstlerische Arbeit in Gruppen f\u00fcr Erwachsene und Jugendliche<\/li>\n<li style=\"text-align: justify;\">offenes Atelier<\/li>\n<li style=\"text-align: justify;\">Seminararbeit zu speziellen k\u00fcnstlerischen Themen wie Portrait und Aktstudium, Hochdruck (Linoldruck, Monotypie), Tiefdruck (Radierung), experimentelles Drucken,\u00a0 plastische Techniken, Buchbinden<\/li>\n<li style=\"text-align: justify;\">k\u00fcnstlerische Einzelprojekte<\/li>\n<li style=\"text-align: justify;\">Einzelstunden zur F\u00f6rderung bestimmter Begabungen<\/li>\n<li style=\"text-align: justify;\">Kunsttherapie in Einzelsitzungen<\/li>\n<li style=\"text-align: justify;\">Exkursionen<\/li>\n<li style=\"text-align: justify;\">Ausstellungen<\/li>\n<li style=\"text-align: justify;\">Vortr\u00e4ge und Gespr\u00e4chsabende<\/li>\n<\/ul>\n<p>Laufende Kurse nach Person:<\/p>\n<p><span style=\"text-decoration: underline;\"><strong>UTE SEIFERT<br \/>\nBildende Kunst, Kunsttherapie\/-p\u00e4dagogik<\/strong><\/span><\/p>\n<p><strong>Einzelstunden Kunsttherapie nach Vereinbarung\u00a0\u00a0\u00a0\u00a0\u00a0\u00a0\u00a0\u00a0\u00a0\u00a0\u00a0\u00a0\u00a0\u00a0\u00a0\u00a0\u00a0\u00a0\u00a0\u00a0\u00a0\u00a0\u00a0\u00a0\u00a0\u00a0\u00a0\u00a0\u00a0\u00a0\u00a0\u00a0\u00a0\u00a0\u00a0\u00a0\u00a0\u00a0\u00a0\u00a0\u00a0\u00a0\u00a0\u00a0\u00a0\u00a0\u00a0\u00a0\u00a0\u00a0\u00a0\u00a0\u00a0\u00a0\u00a0\u00a0 <\/strong>f\u00fcr Erwachsene, Jugendliche und Kinder siehe auch unter <a href=\"http:\/\/kunstraum-bremen.de\/?page_id=782\">Kunsttherapie<\/a><strong><br \/>\n<\/strong><\/p>\n<p><strong>offenes Atelier\/Gruppe<\/strong><br \/>\ndienstags\u00a0 \u00a0\u00a0 16.30 &#8211; 18.30 uhr\u00a0\u00a0 14 t\u00e4gig<br \/>\nmittwochs\u00a0\u00a0\u00a0 15.30 &#8211; 17.30 uhr\u00a0\u00a0 w\u00f6chtenlich<br \/>\nmittwochs\u00a0\u00a0\u00a0 18.45- 20.30\u00a0 uhr\u00a0\u00a0 w\u00f6chentlich<br \/>\ndonnerstags\u00a0 18.00 &#8211; 21.00 uhr\u00a0\u00a0 14 t\u00e4gig (im Atelier Otterstedt!)<\/p>\n<p>F\u00fcr alle Angebote zus\u00e4tzliche Termine nach Vereinbarung auf Anfrage<\/p>\n<p style=\"padding-left: 30px;\">Information + Anmeldung:<br \/>\nFon: \u00a0 \u00a0 04205 &#8211; 8822<br \/>\nMobil: 0151-12755983<br \/>\nute-seifert[at]t-online.de<\/p>\n<p><strong><a href=\"http:\/\/kunstraum-bremen.de\/?page_id=1237\">Hier geht es zu den Workshops<\/a><\/strong><\/p>\n<p><strong><a href=\"http:\/\/www.kunstraum-bremen.de\/?page_id=141\">Hier geht es zu den Tagesseminaren<\/a><\/strong><\/p>\n<p class=\"MsoNormal\"><span style=\"text-decoration: underline;\">\u00a0<\/span><\/p>\n","protected":false},"excerpt":{"rendered":"<p>Der KUNST RAUM R\u00fcckertstrasse ist f\u00fcr Erwachsene, Jugendliche und Kinder ein Ort der sch\u00f6pferisch-regenerativen Bet\u00e4tigung und der Kommunikation. Es treffen sich Menschen aus unterschiedlichsten Lebenszusammenh\u00e4ngen und Altersstufen, um k\u00fcnstlerisch oder kunsttherapeutisch zu arbeiten, sich mit bildnerisch-k\u00fcnstlerischen Themen auseinanderzusetzen und um &hellip; <a href=\"https:\/\/kunstraum-bremen.de\/?page_id=31\">Weiterlesen <span class=\"meta-nav\">&rarr;<\/span><\/a><\/p>\n","protected":false},"author":1,"featured_media":0,"parent":0,"menu_order":1,"comment_status":"closed","ping_status":"open","template":"","meta":{"footnotes":""},"class_list":["post-31","page","type-page","status-publish","hentry"],"_links":{"self":[{"href":"https:\/\/kunstraum-bremen.de\/index.php?rest_route=\/wp\/v2\/pages\/31","targetHints":{"allow":["GET"]}}],"collection":[{"href":"https:\/\/kunstraum-bremen.de\/index.php?rest_route=\/wp\/v2\/pages"}],"about":[{"href":"https:\/\/kunstraum-bremen.de\/index.php?rest_route=\/wp\/v2\/types\/page"}],"author":[{"embeddable":true,"href":"https:\/\/kunstraum-bremen.de\/index.php?rest_route=\/wp\/v2\/users\/1"}],"replies":[{"embeddable":true,"href":"https:\/\/kunstraum-bremen.de\/index.php?rest_route=%2Fwp%2Fv2%2Fcomments&post=31"}],"version-history":[{"count":19,"href":"https:\/\/kunstraum-bremen.de\/index.php?rest_route=\/wp\/v2\/pages\/31\/revisions"}],"predecessor-version":[{"id":2212,"href":"https:\/\/kunstraum-bremen.de\/index.php?rest_route=\/wp\/v2\/pages\/31\/revisions\/2212"}],"wp:attachment":[{"href":"https:\/\/kunstraum-bremen.de\/index.php?rest_route=%2Fwp%2Fv2%2Fmedia&parent=31"}],"curies":[{"name":"wp","href":"https:\/\/api.w.org\/{rel}","templated":true}]}}