{"id":1329,"date":"2018-09-03T10:38:26","date_gmt":"2018-09-03T10:38:26","guid":{"rendered":"http:\/\/kunstraum-bremen.de\/?page_id=1329"},"modified":"2025-09-08T10:38:11","modified_gmt":"2025-09-08T10:38:11","slug":"kuenstler-im-kunstraum","status":"publish","type":"page","link":"https:\/\/kunstraum-bremen.de\/?page_id=1329","title":{"rendered":"K\u00fcnstler im Kunstraum"},"content":{"rendered":"\n<p><\/p>\n\n\n\n<p>Auszug von K\u00fcnstlern, die regelm\u00e4ssig mit dem&nbsp;Kunst[&nbsp;&nbsp;]Raum zusammenarbeiten:<\/p>\n\n\n\n<figure class=\"wp-block-table\"><table><tbody><tr><th> <h3><strong>K\u00fcnstler<\/strong><\/h3><\/th><th> <h3><strong>Stadt<\/strong><\/h3><\/th><th> <h3><strong>Bereich<\/strong><\/h3><\/th><\/tr><tr><td>Ulrich <b>Barth<\/b><\/td><td>Hannover<\/td><td>Malerei<\/td><\/tr><tr><td>Dirk <strong>Behrens<\/strong><\/td><td>Stade<\/td><td>Malerei<\/td><\/tr><tr><td>Mike <b>Behrens<\/b><\/td><td>Hemmoor<\/td><td>Photographie<\/td><\/tr><tr><td>Helga <strong>Beisheim<\/strong><\/td><td>Emden<\/td><td>Malerei + Objekte<\/td><\/tr><tr><td>Dolf <strong>Bissinger<\/strong><\/td><td>Bremen<\/td><td>Malerei<\/td><\/tr><tr><td>Vera <strong>Bourgeois<\/strong><\/td><td>Frankfurt<\/td><td>Photographie<\/td><\/tr><tr><td>Hannes <strong>Clauss<\/strong><\/td><td>Oldenburg<\/td><td>Paperworks<\/td><\/tr><tr><td>Aur\u00e9lie <b>Ferdane<\/b><\/td><td>Paris \/ Frankreich<\/td><td>Malerei + Objekte<\/td><\/tr><tr><td>Shuhei <strong>Fukuda<\/strong><\/td><td>Shibukawa \/ Japan<\/td><td>Bildobjekte, Blattsilber<\/td><\/tr><tr><td>Chieko <b>Fumikura-Fuhrmann<\/b><\/td><td>Tokyo \/ Japan<\/td><td>Malerei<\/td><\/tr><tr><td>Frank <b>Fuhrmann<\/b><\/td><td>Hannover<\/td><td>Malerei + Objekte<\/td><\/tr><tr><td>Anna <b>G\u00f6bel<\/b><\/td><td>Poznan \/ Polen<\/td><td>Papierobjekte<\/td><\/tr><tr><td>Jacek<b>&nbsp;Gramatyka<\/b><\/td><td>Poznan \/ Polen<\/td><td>Malerei<\/td><\/tr><tr><td>Sylvia <b>H\u00e4ndel<\/b><\/td><td>Bremen<\/td><td>Photographie + Photoobjekte<\/td><\/tr><tr><td>Lutz <b>H\u00f6lscher<\/b><\/td><td>Verden<\/td><td>Malerei<\/td><\/tr><tr><td>Atsuo <strong>Hukuda<\/strong><\/td><td>Shibukawa \/ Japan<\/td><td>Objekte<\/td><\/tr><tr><td>Chizu&nbsp;<b>Ikura<\/b><\/td><td>Kyoto \/ Japan<\/td><td>Kalligraphie<\/td><\/tr><tr><td>Hide&nbsp;<b>Imai<\/b><\/td><td>New York \/ USA<\/td><td>Sound<\/td><\/tr><tr><td>Prof. Raimer <b>Jochims<\/b><\/td><td>Frankfurt<\/td><td>Malerei, Steine, Zeichnungen, Papierarbeiten + Malb\u00fccher, Vortr\u00e4ge<\/td><\/tr><tr><td>Makoto <strong>Kobayashi<\/strong>&nbsp;<\/td><td>Tokyo \/ Japan<\/td><td>Malerei<\/td><\/tr><tr><td>Michael<b> Kolod<\/b><\/td><td>Frankfurt<\/td><td>Malerei + Objekte<\/td><\/tr><tr><td>Prof. Yong-Wook <b>Lee<\/b><\/td><td>Seoul \/ Korea<\/td><td>Keramik + Installationen<\/td><\/tr><tr><td><strong>Material Girls<\/strong> (Collective)<\/td><td><\/td><td>Ulrike Brockmann, Claudia Christoffel, Christine Huizenga, Edeltraut Rath, &nbsp;Sabine Schellhor<\/td><\/tr><tr><td>Shoko <b>Miki<\/b><\/td><td>Yokohama \/ Japan<\/td><td>Photographie + Malerei<\/td><\/tr><tr><td>Shunsuke<b>&nbsp;Mizuno<\/b><\/td><td>Atami \/ Japan<\/td><td>Contrabass<\/td><\/tr><tr><td>Beate <strong>M\u00f6ller<\/strong><\/td><td>Morsum<\/td><td>Malerei<\/td><\/tr><tr><td>Bernd <b>M\u00fcller-Pflug<\/b><\/td><td>Bremen<\/td><td>Malerei<\/td><\/tr><tr><td>Yoko <strong>Nakamura<\/strong><\/td><td>Tokyo \/ Japan<\/td><td>Malerei<\/td><\/tr><tr><td>Satoshi <b>Ogawa<\/b><\/td><td>Tokyo \/ Japan<\/td><td>Installationen<\/td><\/tr><tr><td>Tilman <b>Rothermel<\/b><\/td><td>Bremen<\/td><td>Malerei<\/td><\/tr><tr><td>Anne <strong>Schl\u00f6pke<\/strong><\/td><td>Bremen<\/td><td>Installationen<\/td><\/tr><tr><td>Tomoko <strong>Seino<\/strong><\/td><td>Chiba \/ Japan<\/td><td>Graphik + Malerei<\/td><\/tr><tr><td>Heike <b>Schmidt-Ehlers<\/b><\/td><td>Hamburg<\/td><td>Objekt, Malerei + Installationen<\/td><\/tr><tr><td>J\u00fcrgen <strong>Scholz<\/strong><\/td><td>Ottersberg<\/td><td>Malerei<\/td><\/tr><tr><td>S. <strong>Schossig<\/strong><\/td><td>Bremen<\/td><td>Arbeiten auf transparentem Material<\/td><\/tr><tr><td>Gabriele <b>Straub<\/b><\/td><td>Reutlingen<\/td><td>Collage<\/td><\/tr><tr><td>Azusa <strong>Ueno<\/strong><\/td><td>Tokyo \/ Japan<\/td><td>Objekt + Keramik<\/td><\/tr><tr><td>Oliver <b>Voigt<\/b><\/td><td>Ottersberg<\/td><td>Scans + Malerei<\/td><\/tr><tr><td>Sabine <b>Werner<\/b><\/td><td>Bremen<\/td><td>Malerei<\/td><\/tr><tr><td>Hermanus <strong>Westendorp<\/strong><\/td><td>NL \/ D<\/td><td>Malerei<\/td><\/tr><tr><td>Elfi <strong>Wiese<\/strong><\/td><td>Horstedt<\/td><td>Malerei<\/td><\/tr><tr><td>Prof. Hong-Yeol <strong>Yoon<\/strong><\/td><td>Seoul \/ Korea<\/td><td>Malerei<\/td><\/tr><\/tbody><\/table><\/figure>\n\n\n\n<!--more-->\n\n\n\n<div>&nbsp;<\/div>\n\n\n\n<p><\/p>\n","protected":false},"excerpt":{"rendered":"<p>Auszug von K\u00fcnstlern, die regelm\u00e4ssig mit dem&nbsp;Kunst[&nbsp;&nbsp;]Raum zusammenarbeiten: K\u00fcnstler Stadt Bereich Ulrich Barth Hannover Malerei Dirk Behrens Stade Malerei Mike Behrens Hemmoor Photographie Helga Beisheim Emden Malerei + Objekte Dolf Bissinger Bremen Malerei Vera Bourgeois Frankfurt Photographie Hannes Clauss Oldenburg &hellip; <a href=\"https:\/\/kunstraum-bremen.de\/?page_id=1329\">Weiterlesen <span class=\"meta-nav\">&rarr;<\/span><\/a><\/p>\n","protected":false},"author":2,"featured_media":0,"parent":0,"menu_order":0,"comment_status":"closed","ping_status":"closed","template":"","meta":{"footnotes":""},"class_list":["post-1329","page","type-page","status-publish","hentry"],"_links":{"self":[{"href":"https:\/\/kunstraum-bremen.de\/index.php?rest_route=\/wp\/v2\/pages\/1329","targetHints":{"allow":["GET"]}}],"collection":[{"href":"https:\/\/kunstraum-bremen.de\/index.php?rest_route=\/wp\/v2\/pages"}],"about":[{"href":"https:\/\/kunstraum-bremen.de\/index.php?rest_route=\/wp\/v2\/types\/page"}],"author":[{"embeddable":true,"href":"https:\/\/kunstraum-bremen.de\/index.php?rest_route=\/wp\/v2\/users\/2"}],"replies":[{"embeddable":true,"href":"https:\/\/kunstraum-bremen.de\/index.php?rest_route=%2Fwp%2Fv2%2Fcomments&post=1329"}],"version-history":[{"count":25,"href":"https:\/\/kunstraum-bremen.de\/index.php?rest_route=\/wp\/v2\/pages\/1329\/revisions"}],"predecessor-version":[{"id":2158,"href":"https:\/\/kunstraum-bremen.de\/index.php?rest_route=\/wp\/v2\/pages\/1329\/revisions\/2158"}],"wp:attachment":[{"href":"https:\/\/kunstraum-bremen.de\/index.php?rest_route=%2Fwp%2Fv2%2Fmedia&parent=1329"}],"curies":[{"name":"wp","href":"https:\/\/api.w.org\/{rel}","templated":true}]}}