{"id":1767,"date":"2021-04-27T10:11:03","date_gmt":"2021-04-27T10:11:03","guid":{"rendered":"http:\/\/kunstraum-bremen.de\/?page_id=1767"},"modified":"2021-05-04T07:23:35","modified_gmt":"2021-05-04T07:23:35","slug":"2021-2","status":"publish","type":"page","link":"http:\/\/kunstraum-bremen.de\/?page_id=1767","title":{"rendered":"2020"},"content":{"rendered":"\n<p><strong>Lutz H\u00f6lscher&nbsp;<\/strong>setzt sich aktuell mit seiner Malerei mit Motiven vom Meer und der Seefahrt auseinander, in dem der bekannt und pers\u00f6nliche Motive in pers\u00f6nlichen Gestus auf der Leinwand kombiniert. Es entsteht eine Mischung aus bekannten Bildern der Werbung, Literatur, Marinemalerei und eigenen Bildern.<br>Lutz H\u00f6lscher hat an HKS in Ottersberg studiert, anschlie\u00dfend an der Uni Bremen Kunsterziehung und Geschichte. Er arbeitet als Kunstlehrer am Domgymnasium in Verden, lebt und arbeitet in Kirchlinteln.<\/p>\n\n\n\n<figure class=\"wp-block-gallery columns-3 is-cropped wp-block-gallery-1 is-layout-flex wp-block-gallery-is-layout-flex\"><ul class=\"blocks-gallery-grid\"><li class=\"blocks-gallery-item\"><figure><img fetchpriority=\"high\" decoding=\"async\" width=\"1007\" height=\"755\" src=\"http:\/\/kunstraum-bremen.de\/wp-content\/uploads\/2021\/05\/lutz-3.jpg\" alt=\"\" data-id=\"1778\" data-full-url=\"http:\/\/kunstraum-bremen.de\/wp-content\/uploads\/2021\/05\/lutz-3.jpg\" data-link=\"http:\/\/kunstraum-bremen.de\/?attachment_id=1778\" class=\"wp-image-1778\" srcset=\"http:\/\/kunstraum-bremen.de\/wp-content\/uploads\/2021\/05\/lutz-3.jpg 1007w, http:\/\/kunstraum-bremen.de\/wp-content\/uploads\/2021\/05\/lutz-3-300x225.jpg 300w, http:\/\/kunstraum-bremen.de\/wp-content\/uploads\/2021\/05\/lutz-3-768x576.jpg 768w\" sizes=\"(max-width: 1007px) 100vw, 1007px\" \/><\/figure><\/li><li class=\"blocks-gallery-item\"><figure><img decoding=\"async\" width=\"981\" height=\"729\" src=\"http:\/\/kunstraum-bremen.de\/wp-content\/uploads\/2021\/05\/lutz-2.jpg\" alt=\"\" data-id=\"1777\" data-full-url=\"http:\/\/kunstraum-bremen.de\/wp-content\/uploads\/2021\/05\/lutz-2.jpg\" data-link=\"http:\/\/kunstraum-bremen.de\/?attachment_id=1777\" class=\"wp-image-1777\" srcset=\"http:\/\/kunstraum-bremen.de\/wp-content\/uploads\/2021\/05\/lutz-2.jpg 981w, http:\/\/kunstraum-bremen.de\/wp-content\/uploads\/2021\/05\/lutz-2-300x223.jpg 300w, http:\/\/kunstraum-bremen.de\/wp-content\/uploads\/2021\/05\/lutz-2-768x571.jpg 768w\" sizes=\"(max-width: 981px) 100vw, 981px\" \/><\/figure><\/li><li class=\"blocks-gallery-item\"><figure><img decoding=\"async\" width=\"1007\" height=\"732\" src=\"http:\/\/kunstraum-bremen.de\/wp-content\/uploads\/2021\/05\/lutz.jpg\" alt=\"\" data-id=\"1779\" data-full-url=\"http:\/\/kunstraum-bremen.de\/wp-content\/uploads\/2021\/05\/lutz.jpg\" data-link=\"http:\/\/kunstraum-bremen.de\/?attachment_id=1779\" class=\"wp-image-1779\" srcset=\"http:\/\/kunstraum-bremen.de\/wp-content\/uploads\/2021\/05\/lutz.jpg 1007w, http:\/\/kunstraum-bremen.de\/wp-content\/uploads\/2021\/05\/lutz-300x218.jpg 300w, http:\/\/kunstraum-bremen.de\/wp-content\/uploads\/2021\/05\/lutz-768x558.jpg 768w\" sizes=\"(max-width: 1007px) 100vw, 1007px\" \/><\/figure><\/li><\/ul><\/figure>\n\n\n\n<p>Nr 1. (links) o.T. 2020, Collage, Zeichnung 35&#215;50 cm (verkauft)<\/p>\n\n\n\n<p>Nr 2. (Mitte) o.T. 2020, Collage, Zeichnung 34,5 x 48 cm<\/p>\n\n\n\n<p>Nr 3. (rechts) o.T. 2020, Collage, Zeichnung 29 x 44,5 cm<\/p>\n\n\n\n<p>alle gerahmt in hellem Holz 47,5 x 63 cm<\/p>\n\n\n\n<p>Jede Arbeit hat einen Sonderpreis von 120&nbsp;\u20ac&nbsp;o.R. \/ m.R. 150&nbsp;\u20ac<\/p>\n\n\n\n<hr class=\"wp-block-separator is-style-wide\"\/>\n\n\n\n<p>Von&nbsp;<strong>Bernd M\u00fcller-Pflug&nbsp;<\/strong>haben wir hier Bilder aus 2 Arbeitsgebieten &#8211; in beiden bilden reale Eindr\u00fccke den Schaffensimpuls.<br>In den Papierarbeiten, die Tagebuchcharakter haben, verschieben sich diese hin zur Innenseite der urspr\u00fcnglichen Ereignisse. Die Bl\u00e4tter werden individuell und allgemein zugleich. Es er\u00f6ffnen sich vielschichtige Bedeutungsebenen.<br>Dagegen schafft das sachlich-n\u00fcchterne Material Acrylglas Distanz &#8211; es wird von hinten und von vorne malerisch bearbeitet. Hier entsteht durch die starke Farbigkeit, Gleichzeitigkeit von N\u00e4he und Distanz, F\u00fclle und Zur\u00fcckhaltung.<br>Alle Arbeiten bewegen sich in einer Vielfalt der Farb- und Formenwelt.<br>Bernd M\u00fcller-Pflug hat an der Muthesius Hochschule in Kiel und an der HKS Ottersberg studiert, wo er seit 1996 eine Professur f\u00fcr Malerei innehat. Er lebt und arbeitet in Bremen.<\/p>\n\n\n\n<figure class=\"wp-block-gallery columns-2 is-cropped wp-block-gallery-2 is-layout-flex wp-block-gallery-is-layout-flex\"><ul class=\"blocks-gallery-grid\"><li class=\"blocks-gallery-item\"><figure><img loading=\"lazy\" decoding=\"async\" width=\"768\" height=\"1024\" src=\"http:\/\/kunstraum-bremen.de\/wp-content\/uploads\/2021\/05\/bernd-m\u00fcller-pflug-2-768x1024.jpeg\" alt=\"\" data-id=\"1781\" data-full-url=\"http:\/\/kunstraum-bremen.de\/wp-content\/uploads\/2021\/05\/bernd-m\u00fcller-pflug-2.jpeg\" data-link=\"http:\/\/kunstraum-bremen.de\/?attachment_id=1781\" class=\"wp-image-1781\" srcset=\"http:\/\/kunstraum-bremen.de\/wp-content\/uploads\/2021\/05\/bernd-m\u00fcller-pflug-2-768x1024.jpeg 768w, http:\/\/kunstraum-bremen.de\/wp-content\/uploads\/2021\/05\/bernd-m\u00fcller-pflug-2-225x300.jpeg 225w, http:\/\/kunstraum-bremen.de\/wp-content\/uploads\/2021\/05\/bernd-m\u00fcller-pflug-2.jpeg 960w\" sizes=\"(max-width: 768px) 100vw, 768px\" \/><\/figure><\/li><li class=\"blocks-gallery-item\"><figure><img loading=\"lazy\" decoding=\"async\" width=\"462\" height=\"640\" src=\"http:\/\/kunstraum-bremen.de\/wp-content\/uploads\/2021\/05\/bernd-m\u00fcller-pflug-1.jpeg\" alt=\"\" data-id=\"1780\" data-full-url=\"http:\/\/kunstraum-bremen.de\/wp-content\/uploads\/2021\/05\/bernd-m\u00fcller-pflug-1.jpeg\" data-link=\"http:\/\/kunstraum-bremen.de\/?attachment_id=1780\" class=\"wp-image-1780\" srcset=\"http:\/\/kunstraum-bremen.de\/wp-content\/uploads\/2021\/05\/bernd-m\u00fcller-pflug-1.jpeg 462w, http:\/\/kunstraum-bremen.de\/wp-content\/uploads\/2021\/05\/bernd-m\u00fcller-pflug-1-217x300.jpeg 217w\" sizes=\"(max-width: 462px) 100vw, 462px\" \/><\/figure><\/li><\/ul><\/figure>\n\n\n\n<p>Nr.1 (links) o.T., 2020, Mischtechnik auf Papier 31\/21 cm (verkauft)<\/p>\n\n\n\n<p>Nr. 2 (rechts) ohne Titel \/ 2015, Acrylfarbe auf und hinter Acrylglas 31\/21 cm<\/p>\n\n\n\n<p>Die Arbeiten haben einen Sonderpreis von Nr. 1 &#8211; 150\u00a0\u20ac &amp;\u00a0Nr. 2 &#8211; 220\u00a0\u20ac<\/p>\n\n\n\n<hr class=\"wp-block-separator is-style-wide\"\/>\n\n\n\n<p><strong>J\u00fcrgen Bodo Scholz&nbsp;<\/strong>versucht in diesen beiden Arbeiten auf Leinwand abweichend von seiner \u00fcblichen Bildsprache mit wenigen \u201eVokabeln\u201c, reduziert auf schwarz-wei\u00df, sowie Linie und Fl\u00e4che seine bildnerische Sprache zu erweitern. Beide Bilder leben stark aus ihrer Materialit\u00e4t und ihrer haptischen Oberfl\u00e4che.<br>J\u00fcrgen Bodo Scholz hat an der HKS in Ottersberg studiert, 2012 den Ottersberger Kunstpreis erhalten. Er lebt und arbeitet in Ottersberg.<\/p>\n\n\n\n<figure class=\"wp-block-gallery columns-2 is-cropped wp-block-gallery-3 is-layout-flex wp-block-gallery-is-layout-flex\"><ul class=\"blocks-gallery-grid\"><li class=\"blocks-gallery-item\"><figure><img loading=\"lazy\" decoding=\"async\" width=\"816\" height=\"789\" src=\"http:\/\/kunstraum-bremen.de\/wp-content\/uploads\/2021\/05\/DSC06043-web.jpg\" alt=\"\" data-id=\"1782\" data-full-url=\"http:\/\/kunstraum-bremen.de\/wp-content\/uploads\/2021\/05\/DSC06043-web.jpg\" data-link=\"http:\/\/kunstraum-bremen.de\/?attachment_id=1782\" class=\"wp-image-1782\" srcset=\"http:\/\/kunstraum-bremen.de\/wp-content\/uploads\/2021\/05\/DSC06043-web.jpg 816w, http:\/\/kunstraum-bremen.de\/wp-content\/uploads\/2021\/05\/DSC06043-web-300x290.jpg 300w, http:\/\/kunstraum-bremen.de\/wp-content\/uploads\/2021\/05\/DSC06043-web-768x743.jpg 768w\" sizes=\"(max-width: 816px) 100vw, 816px\" \/><\/figure><\/li><li class=\"blocks-gallery-item\"><figure><img loading=\"lazy\" decoding=\"async\" width=\"641\" height=\"647\" src=\"http:\/\/kunstraum-bremen.de\/wp-content\/uploads\/2021\/05\/DSC06044-web.jpg\" alt=\"\" data-id=\"1783\" data-full-url=\"http:\/\/kunstraum-bremen.de\/wp-content\/uploads\/2021\/05\/DSC06044-web.jpg\" data-link=\"http:\/\/kunstraum-bremen.de\/?attachment_id=1783\" class=\"wp-image-1783\" srcset=\"http:\/\/kunstraum-bremen.de\/wp-content\/uploads\/2021\/05\/DSC06044-web.jpg 641w, http:\/\/kunstraum-bremen.de\/wp-content\/uploads\/2021\/05\/DSC06044-web-297x300.jpg 297w, http:\/\/kunstraum-bremen.de\/wp-content\/uploads\/2021\/05\/DSC06044-web-150x150.jpg 150w\" sizes=\"(max-width: 641px) 100vw, 641px\" \/><\/figure><\/li><\/ul><\/figure>\n\n\n\n<p>Nr. 1: o.T. 2020<br>Leinwand, Japanpapier, Spachtelmasse, Tusche, Dammarharz, Graphikstift 21,5&#215;21 cm (verkauft)<\/p>\n\n\n\n<p>Nr. 2: o.T. 2020<br>Leinwand, Spachtelmasse, Acrylfarbe, Dammarharz, Graphitstift 25&#215;25 cm<\/p>\n\n\n\n<p>Beide Leinw\u00e4nde haben den Sonderpreis von 120&nbsp;\u20ac<\/p>\n\n\n\n<hr class=\"wp-block-separator is-style-wide\"\/>\n\n\n\n<p>Jeder Blick nach au\u00dfen hat gleichzeitig einen Blick nach innen. In der Arbeit von <strong>Ute Seifert<\/strong> ist wesentlich die Frage nach der Farbe &#8211; nicht als Colorit, sondern als Energie &#8211; und ihrer Wahrnehmung.<br>Es gibt verschiedene Werkgruppen, die das &#8222;vermeintlich immer Gleiche&#8220; in neue Erscheinungsformen, Dialoge und Fragestellungen bringen. Arbeitsgebiete sind Malerei, Installation, Photographie, sowie die Zusammenarbeit mit Komponisten.<\/p>\n\n\n\n<p>Die hier gezeigten kleinen, konzentrierten Farbstiftzeichnungen entstehen alltagsbegleitend, jedes Blatt in einer Vielzahl an Farben und Schichten, die die intensive Farbwirkung hervorbringen.<br>Ute Seifert studierte an der HKS in Ottersberg sowie anschlie\u00dfend bei Prof. Rolf Thiele (Bremen\/ Galan (F). In 2002 war sie 1. Preistr\u00e4gerin bei \u201eKunst und Energie\u201c, Bremen.<\/p>\n\n\n\n<figure class=\"wp-block-gallery columns-3 is-cropped wp-block-gallery-4 is-layout-flex wp-block-gallery-is-layout-flex\"><ul class=\"blocks-gallery-grid\"><li class=\"blocks-gallery-item\"><figure><img loading=\"lazy\" decoding=\"async\" width=\"487\" height=\"480\" src=\"http:\/\/kunstraum-bremen.de\/wp-content\/uploads\/2021\/05\/seifert-energien-orange1-1.jpeg\" alt=\"\" data-id=\"1791\" data-full-url=\"http:\/\/kunstraum-bremen.de\/wp-content\/uploads\/2021\/05\/seifert-energien-orange1-1.jpeg\" data-link=\"http:\/\/kunstraum-bremen.de\/?attachment_id=1791\" class=\"wp-image-1791\" srcset=\"http:\/\/kunstraum-bremen.de\/wp-content\/uploads\/2021\/05\/seifert-energien-orange1-1.jpeg 487w, http:\/\/kunstraum-bremen.de\/wp-content\/uploads\/2021\/05\/seifert-energien-orange1-1-300x296.jpeg 300w\" sizes=\"(max-width: 487px) 100vw, 487px\" \/><\/figure><\/li><li class=\"blocks-gallery-item\"><figure><img loading=\"lazy\" decoding=\"async\" width=\"658\" height=\"642\" src=\"http:\/\/kunstraum-bremen.de\/wp-content\/uploads\/2021\/05\/energien-2-web.jpg\" alt=\"\" data-id=\"1785\" data-link=\"http:\/\/kunstraum-bremen.de\/?attachment_id=1785\" class=\"wp-image-1785\" srcset=\"http:\/\/kunstraum-bremen.de\/wp-content\/uploads\/2021\/05\/energien-2-web.jpg 658w, http:\/\/kunstraum-bremen.de\/wp-content\/uploads\/2021\/05\/energien-2-web-300x293.jpg 300w\" sizes=\"(max-width: 658px) 100vw, 658px\" \/><\/figure><\/li><li class=\"blocks-gallery-item\"><figure><img loading=\"lazy\" decoding=\"async\" width=\"526\" height=\"480\" src=\"http:\/\/kunstraum-bremen.de\/wp-content\/uploads\/2021\/05\/DSC00107.jpeg\" alt=\"\" data-id=\"1790\" data-link=\"http:\/\/kunstraum-bremen.de\/?attachment_id=1790\" class=\"wp-image-1790\" srcset=\"http:\/\/kunstraum-bremen.de\/wp-content\/uploads\/2021\/05\/DSC00107.jpeg 526w, http:\/\/kunstraum-bremen.de\/wp-content\/uploads\/2021\/05\/DSC00107-300x274.jpeg 300w\" sizes=\"(max-width: 526px) 100vw, 526px\" \/><\/figure><\/li><\/ul><\/figure>\n\n\n\n<p><em>aus der Serie \u201eenergien\u201c<br><\/em>Nr. 1 (links) Farbstiftzeichnung 2020 9 x 9 cm (verkauft)<\/p>\n\n\n\n<p>Nr. 2 (Mitte) Farbstiftzeichnung 2020 9 x 9 cm (verkauft)<\/p>\n\n\n\n<p>Nr. 3 (rechts) Farbstiftzeichnung 2019 10 x 9 cm (verkauft)<\/p>\n\n\n\n<p>alle gerahmt 21 x 29,7 cm, alu-matt<\/p>\n\n\n\n<p>Jede Farbstiftzeichnung hat einen Sonderpreis von 100&nbsp;\u20ac&nbsp;o.R. \/ m.R. 120&nbsp;\u20ac*<\/p>\n","protected":false},"excerpt":{"rendered":"<p>Lutz H\u00f6lscher&nbsp;setzt sich aktuell mit seiner Malerei mit Motiven vom Meer und der Seefahrt auseinander, in dem der bekannt und pers\u00f6nliche Motive in pers\u00f6nlichen Gestus auf der Leinwand kombiniert. Es entsteht eine Mischung aus bekannten Bildern der Werbung, Literatur, Marinemalerei &hellip; <a href=\"http:\/\/kunstraum-bremen.de\/?page_id=1767\">Weiterlesen <span class=\"meta-nav\">&rarr;<\/span><\/a><\/p>\n","protected":false},"author":2,"featured_media":0,"parent":0,"menu_order":0,"comment_status":"closed","ping_status":"closed","template":"","meta":{"footnotes":""},"class_list":["post-1767","page","type-page","status-publish","hentry"],"_links":{"self":[{"href":"http:\/\/kunstraum-bremen.de\/index.php?rest_route=\/wp\/v2\/pages\/1767","targetHints":{"allow":["GET"]}}],"collection":[{"href":"http:\/\/kunstraum-bremen.de\/index.php?rest_route=\/wp\/v2\/pages"}],"about":[{"href":"http:\/\/kunstraum-bremen.de\/index.php?rest_route=\/wp\/v2\/types\/page"}],"author":[{"embeddable":true,"href":"http:\/\/kunstraum-bremen.de\/index.php?rest_route=\/wp\/v2\/users\/2"}],"replies":[{"embeddable":true,"href":"http:\/\/kunstraum-bremen.de\/index.php?rest_route=%2Fwp%2Fv2%2Fcomments&post=1767"}],"version-history":[{"count":8,"href":"http:\/\/kunstraum-bremen.de\/index.php?rest_route=\/wp\/v2\/pages\/1767\/revisions"}],"predecessor-version":[{"id":1793,"href":"http:\/\/kunstraum-bremen.de\/index.php?rest_route=\/wp\/v2\/pages\/1767\/revisions\/1793"}],"wp:attachment":[{"href":"http:\/\/kunstraum-bremen.de\/index.php?rest_route=%2Fwp%2Fv2%2Fmedia&parent=1767"}],"curies":[{"name":"wp","href":"https:\/\/api.w.org\/{rel}","templated":true}]}}