{"id":141,"date":"2008-10-19T14:53:10","date_gmt":"2008-10-19T14:53:10","guid":{"rendered":"http:\/\/www.kunstraum-bremen.de\/?page_id=141"},"modified":"2018-12-04T23:13:57","modified_gmt":"2018-12-04T23:13:57","slug":"tagesseminare-2009","status":"publish","type":"page","link":"http:\/\/kunstraum-bremen.de\/?page_id=141","title":{"rendered":"Tagesseminare"},"content":{"rendered":"<p><span style=\"text-decoration: underline;\"><strong>Themenabende FARBE<\/strong><\/span><\/p>\n<p>\u2026\u2026\u2026\u2026\u2026\u2026.<span style=\"color: #0000ff;\">I feel blue<\/span>\u2026<span style=\"color: #ff0000;\">ohne wenn und aber<\/span>\u2026<span style=\"color: #dede20;\">gelb<br \/>\nwie die Sonne<\/span> \u2026<span style=\"color: #ffcc00;\">Lebensfreude<\/span>\u2026 <span style=\"color: #339966;\">gr\u00fcn ist die Hoffnung<\/span><br \/>\n<span style=\"color: #993366;\">violettfarbener Samt<\/span>\u2026schwarz sehen\u2026wei\u00df die<br \/>\nUnschuld\u2026\u2026\u2026..<\/p>\n<p>Der Umgang und die Fragestellung nach FARBE ist<br \/>\nimmer \u00dcbung in zweierlei Weise &#8211; Umgang mit seeli-<br \/>\nschen Qualit\u00e4ten und deren Wahrnehmung und Gestal-<br \/>\ntung sowie die daraus folgende Erkenntnis. Beides<br \/>\nkann eine Br\u00fccke werden zu anderen Menschen.<\/p>\n<p>Kurs auf Anfrage&nbsp; jederzeit m\u00f6glich, die Kurse werden f\u00fcr Anf\u00e4nger und &nbsp; &nbsp; &nbsp; &nbsp; &nbsp; &nbsp; &nbsp; &nbsp; &nbsp; &nbsp; &nbsp; &nbsp; &nbsp; &nbsp; &nbsp; &nbsp; &nbsp; &nbsp; &nbsp; &nbsp; &nbsp; &nbsp; &nbsp; &nbsp; Fortgeschrittene in gleicher Weise angeboten.<\/p>\n<p>Information + Anmeldung:<br \/>\nTel: 04205 &#8211; 8822<br \/>\nHandy: 0151-12755983<br \/>\nute-seifert@t-online.de<\/p>\n<p><strong>ARCHIV:<\/strong><\/p>\n<p><a href=\"http:\/\/www.kunstraum-bremen.de\/?p=269\"><strong>26.\/27.09.2009: Wochenendseminar zur Einf\u00fchrung in das philosophische Denken<\/strong><\/a><br \/>\n<strong>Die Frage nach dem Menschen im Spannungsfeld von Philosophie, Politik,Kunst und Krankheit mit st\u00e4ndiger R\u00fccksicht auf Karl Jaspers<br \/>\nMIt Prof. Dr. Reinhard Schulz<\/strong><\/p>\n<p><a href=\"http:\/\/www.kunstraum-bremen.de\/?p=210\"><strong>24.\/25.04.2009: VORTRAG + SEMINAR mit&nbsp; Raimer Jochims<\/strong><\/a><strong><br \/>\nVortrag: K\u00fcnstlerwege zur Gesundheit in einer kranken Gesellschaft &#8211;&nbsp; anhand von Beispielen von Brancusi + Beuys<\/strong><a href=\"http:\/\/www.kunstraum-bremen.de\/?p=210\"><br \/>\n<\/a><\/p>\n<p><strong><a href=\"http:\/\/www.kunstraum-bremen.de\/?p=197\">30.03.2009: Vortrag + Gespr\u00e4ch mit Prof. Dr. Reinhard Schulz<\/a><\/strong><strong><br \/>\nEine Erkundung der Zwischenr\u00e4ume von Philosophie, Politik, Kunst und Krankheit mit Karl Jaspers<\/strong><\/p>\n<p><strong><a href=\"http:\/\/www.kunstraum-bremen.de\/?page_id=57\">Okt. 2008 &#8211; Dez. 2008:<br \/>\nDAS PH\u00c4NOMEN FARBE &#8211; Praxis-Seminare und Gespr\u00e4chsabende dazu finden sie hier<\/a><\/strong><\/p>\n","protected":false},"excerpt":{"rendered":"<p>Themenabende FARBE \u2026\u2026\u2026\u2026\u2026\u2026.I feel blue\u2026ohne wenn und aber\u2026gelb wie die Sonne \u2026Lebensfreude\u2026 gr\u00fcn ist die Hoffnung violettfarbener Samt\u2026schwarz sehen\u2026wei\u00df die Unschuld\u2026\u2026\u2026.. Der Umgang und die Fragestellung nach FARBE ist immer \u00dcbung in zweierlei Weise &#8211; Umgang mit seeli- schen Qualit\u00e4ten &hellip; <a href=\"http:\/\/kunstraum-bremen.de\/?page_id=141\">Weiterlesen <span class=\"meta-nav\">&rarr;<\/span><\/a><\/p>\n","protected":false},"author":1,"featured_media":0,"parent":31,"menu_order":0,"comment_status":"closed","ping_status":"closed","template":"","meta":{"footnotes":""},"class_list":["post-141","page","type-page","status-publish","hentry"],"_links":{"self":[{"href":"http:\/\/kunstraum-bremen.de\/index.php?rest_route=\/wp\/v2\/pages\/141","targetHints":{"allow":["GET"]}}],"collection":[{"href":"http:\/\/kunstraum-bremen.de\/index.php?rest_route=\/wp\/v2\/pages"}],"about":[{"href":"http:\/\/kunstraum-bremen.de\/index.php?rest_route=\/wp\/v2\/types\/page"}],"author":[{"embeddable":true,"href":"http:\/\/kunstraum-bremen.de\/index.php?rest_route=\/wp\/v2\/users\/1"}],"replies":[{"embeddable":true,"href":"http:\/\/kunstraum-bremen.de\/index.php?rest_route=%2Fwp%2Fv2%2Fcomments&post=141"}],"version-history":[{"count":9,"href":"http:\/\/kunstraum-bremen.de\/index.php?rest_route=\/wp\/v2\/pages\/141\/revisions"}],"predecessor-version":[{"id":1465,"href":"http:\/\/kunstraum-bremen.de\/index.php?rest_route=\/wp\/v2\/pages\/141\/revisions\/1465"}],"up":[{"embeddable":true,"href":"http:\/\/kunstraum-bremen.de\/index.php?rest_route=\/wp\/v2\/pages\/31"}],"wp:attachment":[{"href":"http:\/\/kunstraum-bremen.de\/index.php?rest_route=%2Fwp%2Fv2%2Fmedia&parent=141"}],"curies":[{"name":"wp","href":"https:\/\/api.w.org\/{rel}","templated":true}]}}